{"id":26,"date":"2023-09-07T07:10:05","date_gmt":"2023-09-07T07:10:05","guid":{"rendered":"https:\/\/fungeramera.nu\/about-us\/"},"modified":"2024-03-20T17:38:18","modified_gmt":"2024-03-20T16:38:18","slug":"about-us","status":"publish","type":"page","link":"https:\/\/www.fungeramera.nu\/?page_id=26","title":{"rendered":"Om oss"},"content":{"rendered":"\n<div class=\"wp-block-uagb-container uagb-block-333e4e72 alignfull uagb-is-root-container\"><div class=\"uagb-container-inner-blocks-wrap\">\n<p><\/p>\n\n\n\n<p><\/p>\n\n\n\n<p><\/p>\n\n\n\n<div class=\"wp-block-uagb-advanced-heading uagb-block-64eea43d\"><h1 class=\"uagb-heading-text\">Vilka vi \u00e4r <\/h1><\/div>\n<\/div><\/div>\n\n\n\n<div class=\"wp-block-uagb-container uagb-block-acf14002 alignfull uagb-is-root-container\"><div class=\"uagb-container-inner-blocks-wrap\">\n<div class=\"wp-block-uagb-container uagb-block-8fc90048\">\n<div class=\"wp-block-uagb-advanced-heading uagb-block-f6b962f5\"><h2 class=\"uagb-heading-text\">Hur det startade<\/h2><\/div>\n\n\n\n<div class=\"wp-block-uagb-advanced-heading uagb-block-7ad4e7ef\"><p class=\"uagb-heading-text\">FungeraMera har hj\u00e4lpt f\u00f6retag och organisationer med friskv\u00e5rd sedan 1988. Men egentligen b\u00f6rjade allt p\u00e5 en g\u00e5rd med kor, katter, h\u00e4star och grisar. Uppv\u00e4xt med ett liv i balans. Balans mellan m\u00e4nniska, djur och natur. <\/p><\/div>\n<\/div>\n\n\n\n<div class=\"wp-block-uagb-container uagb-block-a1e8dd27\">\n<div class=\"wp-block-uagb-image alignleft uagb-block-2de7ccdf wp-block-uagb-image--layout-default wp-block-uagb-image--effect-static wp-block-uagb-image--align-left\"><figure class=\"wp-block-uagb-image__figure\"><img decoding=\"async\" srcset=\"https:\/\/fungeramera.nu\/wp-content\/uploads\/2024\/03\/pexels-photo-668353.jpeg ,https:\/\/fungeramera.nu\/wp-content\/uploads\/2024\/03\/pexels-photo-668353.jpeg 780w, https:\/\/fungeramera.nu\/wp-content\/uploads\/2024\/03\/pexels-photo-668353.jpeg 360w\" sizes=\"(max-width: 480px) 150px\" src=\"https:\/\/fungeramera.nu\/wp-content\/uploads\/2024\/03\/pexels-photo-668353.jpeg\" alt=\"\" class=\"uag-image-25951\" width=\"1200\" height=\"500\" title=\"\" loading=\"lazy\" role=\"img\"\/><\/figure><\/div>\n<\/div>\n<\/div><\/div>\n\n\n\n<div class=\"wp-block-uagb-container uagb-block-ee98f31d alignfull uagb-is-root-container\"><div class=\"uagb-container-inner-blocks-wrap\">\n<div class=\"wp-block-uagb-container uagb-block-e1f1c66f\">\n<div class=\"wp-block-uagb-advanced-heading uagb-block-ce911726\"><h2 class=\"uagb-heading-text\">Vilka vi \u00e4r idag<\/h2><\/div>\n<\/div>\n\n\n\n<div class=\"wp-block-uagb-container uagb-block-090a4798\">\n<div class=\"wp-block-uagb-advanced-heading uagb-block-ad027dbe\"><p class=\"uagb-heading-text\">Vi \u00e4r erfarna h\u00e4lsocoacher med en blandning av kompetenser och erfarenheter. Vi \u00e4r alla certifierade och diplomerade inom v\u00e5ra respektive dicipliner och har flera \u00e5rs erfarenhet. V\u00e5r nyfikenhet g\u00f6r att vi alltid \u00e4r uppdaterade p\u00e5 de senaste r\u00f6nen inom v\u00e5r bransch.<\/p><\/div>\n\n\n\n<div class=\"wp-block-uagb-advanced-heading uagb-block-020c063a\"><p class=\"uagb-desc-text\">Vi har sedan starten 1988 byggt upp f\u00f6rtroendet att hj\u00e4lpa medarbetare p\u00e5 ett antal f\u00f6retag att komma i balans och m\u00e5 och prestera bra. Vi l\u00e4mnar g\u00e4rna referenser om du vill veta mer om resultatet av v\u00e5rt arbete.<\/p><\/div>\n\n\n\n<div class=\"wp-block-uagb-container uagb-block-43834666\"><\/div>\n<\/div>\n\n\n\n<figure class=\"wp-block-image size-full\"><a href=\"https:\/\/fungeramera.nu\/wp-content\/uploads\/2023\/10\/Gunilla-3.jpeg\"><img loading=\"lazy\" decoding=\"async\" width=\"241\" height=\"253\" src=\"https:\/\/fungeramera.nu\/wp-content\/uploads\/2023\/10\/Gunilla-3.jpeg\" alt=\"Gunilla\" class=\"wp-image-25622\"\/><\/a><figcaption class=\"wp-element-caption\">Gunilla Orre, VD.<\/figcaption><\/figure>\n<\/div><\/div>\n\n\n\n<div class=\"wp-block-uagb-container uagb-block-1fc9ebe2 alignfull uagb-is-root-container\"><div class=\"uagb-container-inner-blocks-wrap\">\n<div class=\"wp-block-uagb-info-box uagb-block-925f9c72 uagb-infobox__content-wrap  uagb-infobox-icon-above-title uagb-infobox-image-valign-top\"><div class=\"uagb-ifb-content\"><div class=\"uagb-ifb-title-wrap\"><h2 class=\"uagb-ifb-title\">starta er resa mot <strong>ett liv i balans<\/strong> idag<\/h2><\/div><div class=\"uagb-ifb-button-wrapper wp-block-button\"><a href=\"https:\/\/www.fungeramera.nu\/?page_id=25958\" class=\"uagb-infobox-cta-link wp-block-button__link\" target=\"_self\" rel=\"noopener noreferrer\" onclick=\"return true;\" alt=\"\"><span class=\"uagb-inline-editing\">kontakta oss<\/span><\/a><\/div><\/div><\/div>\n<\/div><\/div>\n","protected":false},"excerpt":{"rendered":"<p>Vilka vi \u00e4r Hur det startade FungeraMera har hj\u00e4lpt f\u00f6retag och organisationer med friskv\u00e5rd sedan 1988. Men egentligen b\u00f6rjade allt [&hellip;]<\/p>\n","protected":false},"author":6,"featured_media":0,"parent":0,"menu_order":0,"comment_status":"closed","ping_status":"closed","template":"","meta":{"_uag_custom_page_level_css":"","site-sidebar-layout":"no-sidebar","site-content-layout":"","ast-site-content-layout":"normal-width-container","site-content-style":"default","site-sidebar-style":"default","ast-global-header-display":"","ast-banner-title-visibility":"","ast-main-header-display":"","ast-hfb-above-header-display":"","ast-hfb-below-header-display":"","ast-hfb-mobile-header-display":"","site-post-title":"disabled","ast-breadcrumbs-content":"","ast-featured-img":"","footer-sml-layout":"","theme-transparent-header-meta":"","adv-header-id-meta":"","stick-header-meta":"","header-above-stick-meta":"","header-main-stick-meta":"","header-below-stick-meta":"","astra-migrate-meta-layouts":"default","ast-page-background-enabled":"default","ast-page-background-meta":{"desktop":{"background-color":"var(--ast-global-color-4)","background-image":"","background-repeat":"repeat","background-position":"center center","background-size":"auto","background-attachment":"scroll","background-type":"","background-media":"","overlay-type":"","overlay-color":"","overlay-gradient":""},"tablet":{"background-color":"","background-image":"","background-repeat":"repeat","background-position":"center center","background-size":"auto","background-attachment":"scroll","background-type":"","background-media":"","overlay-type":"","overlay-color":"","overlay-gradient":""},"mobile":{"background-color":"","background-image":"","background-repeat":"repeat","background-position":"center center","background-size":"auto","background-attachment":"scroll","background-type":"","background-media":"","overlay-type":"","overlay-color":"","overlay-gradient":""}},"ast-content-background-meta":{"desktop":{"background-color":"var(--ast-global-color-5)","background-image":"","background-repeat":"repeat","background-position":"center center","background-size":"auto","background-attachment":"scroll","background-type":"","background-media":"","overlay-type":"","overlay-color":"","overlay-gradient":""},"tablet":{"background-color":"var(--ast-global-color-5)","background-image":"","background-repeat":"repeat","background-position":"center center","background-size":"auto","background-attachment":"scroll","background-type":"","background-media":"","overlay-type":"","overlay-color":"","overlay-gradient":""},"mobile":{"background-color":"var(--ast-global-color-5)","background-image":"","background-repeat":"repeat","background-position":"center center","background-size":"auto","background-attachment":"scroll","background-type":"","background-media":"","overlay-type":"","overlay-color":"","overlay-gradient":""}},"footnotes":""},"uagb_featured_image_src":{"full":false,"thumbnail":false,"medium":false,"medium_large":false,"large":false,"1536x1536":false,"2048x2048":false},"uagb_author_info":{"display_name":"Erik Gunnerhed","author_link":"https:\/\/www.fungeramera.nu\/?author=6"},"uagb_comment_info":0,"uagb_excerpt":"Vilka vi \u00e4r Hur det startade FungeraMera har hj\u00e4lpt f\u00f6retag och organisationer med friskv\u00e5rd sedan 1988. Men egentligen b\u00f6rjade allt [&hellip;]","_links":{"self":[{"href":"https:\/\/www.fungeramera.nu\/index.php?rest_route=\/wp\/v2\/pages\/26"}],"collection":[{"href":"https:\/\/www.fungeramera.nu\/index.php?rest_route=\/wp\/v2\/pages"}],"about":[{"href":"https:\/\/www.fungeramera.nu\/index.php?rest_route=\/wp\/v2\/types\/page"}],"author":[{"embeddable":true,"href":"https:\/\/www.fungeramera.nu\/index.php?rest_route=\/wp\/v2\/users\/6"}],"replies":[{"embeddable":true,"href":"https:\/\/www.fungeramera.nu\/index.php?rest_route=%2Fwp%2Fv2%2Fcomments&post=26"}],"version-history":[{"count":9,"href":"https:\/\/www.fungeramera.nu\/index.php?rest_route=\/wp\/v2\/pages\/26\/revisions"}],"predecessor-version":[{"id":26065,"href":"https:\/\/www.fungeramera.nu\/index.php?rest_route=\/wp\/v2\/pages\/26\/revisions\/26065"}],"wp:attachment":[{"href":"https:\/\/www.fungeramera.nu\/index.php?rest_route=%2Fwp%2Fv2%2Fmedia&parent=26"}],"curies":[{"name":"wp","href":"https:\/\/api.w.org\/{rel}","templated":true}]}}