{"id":25957,"date":"2023-09-07T07:10:14","date_gmt":"2023-09-07T07:10:14","guid":{"rendered":"https:\/\/fungeramera.nu\/services\/"},"modified":"2024-03-20T17:39:42","modified_gmt":"2024-03-20T16:39:42","slug":"services","status":"publish","type":"page","link":"https:\/\/www.fungeramera.nu\/?page_id=25957","title":{"rendered":"V\u00e5ra tj\u00e4nster"},"content":{"rendered":"\n<div class=\"wp-block-uagb-container uagb-block-333e4e72 alignfull uagb-is-root-container\"><div class=\"uagb-container-inner-blocks-wrap\">\n<p><\/p>\n\n\n\n<p><\/p>\n\n\n\n<p><\/p>\n\n\n\n<div class=\"wp-block-uagb-advanced-heading uagb-block-64eea43d\"><h1 class=\"uagb-heading-text\">v\u00e5ra tj\u00e4nster<\/h1><p class=\"uagb-desc-text\">F\u00f6r att fr\u00e4mja ett liv i balans.<\/p><\/div>\n<\/div><\/div>\n\n\n\n<div class=\"wp-block-uagb-container uagb-block-ed67dc62 alignfull uagb-is-root-container\"><div class=\"uagb-container-inner-blocks-wrap\">\n<div class=\"wp-block-uagb-info-box uagb-block-d27f237b uagb-infobox__content-wrap  uagb-infobox-icon-above-title uagb-infobox-image-valign-top\"><div class=\"uagb-ifb-content\"><div class=\"uagb-ifb-title-wrap\"><h2 class=\"uagb-ifb-title\">Vad vi erbjuder<\/h2><\/div><\/div><\/div>\n\n\n\n<div class=\"wp-block-uagb-container uagb-block-01c648b1\">\n<div class=\"wp-block-uagb-container uagb-block-8a2c7a18\">\n<div class=\"wp-block-uagb-image alignleft uagb-block-e7ed7566 wp-block-uagb-image--layout-default wp-block-uagb-image--effect-static wp-block-uagb-image--align-left\"><figure class=\"wp-block-uagb-image__figure\"><img decoding=\"async\" srcset=\"https:\/\/fungeramera.nu\/wp-content\/uploads\/2024\/03\/pexels-photo-5240637.jpeg ,https:\/\/fungeramera.nu\/wp-content\/uploads\/2024\/03\/pexels-photo-5240637.jpeg 780w, https:\/\/fungeramera.nu\/wp-content\/uploads\/2024\/03\/pexels-photo-5240637.jpeg 360w\" sizes=\"(max-width: 480px) 150px\" src=\"https:\/\/fungeramera.nu\/wp-content\/uploads\/2024\/03\/pexels-photo-5240637.jpeg\" alt=\"Crop masseuse massaging back of client with hot stones\" class=\"uag-image-25952\" width=\"600\" height=\"350\" title=\"pexels-photo-5240637\" loading=\"lazy\" role=\"img\"\/><\/figure><\/div>\n\n\n\n<div class=\"wp-block-uagb-info-box uagb-block-774ff371 uagb-infobox__content-wrap  uagb-infobox-icon-above-title uagb-infobox-image-valign-top\"><div class=\"uagb-ifb-content\"><div class=\"uagb-ifb-title-wrap\"><h3 class=\"uagb-ifb-title\">KLASSISK MASSAGE<\/h3><\/div><p class=\"uagb-ifb-desc\">Klassisk massage \u00e4r en manuell terapeutisk teknik som anv\u00e4nds f\u00f6r att fr\u00e4mja avslappning, lindra muskelsp\u00e4nningar och f\u00f6rb\u00e4ttra cirkulationen genom att manipulera kroppens mjuka v\u00e4vnader.<br><a href=\"https:\/\/fungeramera.nu\/services\/\"><\/a><\/p><\/div><\/div>\n<\/div>\n\n\n\n<div class=\"wp-block-uagb-container uagb-block-7c931235\">\n<div class=\"wp-block-uagb-image alignleft uagb-block-7e7796b0 wp-block-uagb-image--layout-default wp-block-uagb-image--effect-static wp-block-uagb-image--align-left\"><figure class=\"wp-block-uagb-image__figure\"><img decoding=\"async\" srcset=\"https:\/\/fungeramera.nu\/wp-content\/uploads\/2024\/03\/pexels-photo-668353.jpeg ,https:\/\/fungeramera.nu\/wp-content\/uploads\/2024\/03\/pexels-photo-668353.jpeg 780w, https:\/\/fungeramera.nu\/wp-content\/uploads\/2024\/03\/pexels-photo-668353.jpeg 360w\" sizes=\"(max-width: 480px) 150px\" src=\"https:\/\/fungeramera.nu\/wp-content\/uploads\/2024\/03\/pexels-photo-668353.jpeg\" alt=\"Four Rock Formation\" class=\"uag-image-25951\" width=\"600\" height=\"350\" title=\"pexels-photo-668353\" loading=\"lazy\" role=\"img\"\/><\/figure><\/div>\n\n\n\n<div class=\"wp-block-uagb-info-box uagb-block-6686281c uagb-infobox__content-wrap  uagb-infobox-icon-above-title uagb-infobox-image-valign-top\"><div class=\"uagb-ifb-content\"><div class=\"uagb-ifb-title-wrap\"><h3 class=\"uagb-ifb-title\">KINESIOLOGI<\/h3><\/div><p class=\"uagb-ifb-desc\">Kinesiologi \u00e4r studiet av r\u00f6relse och kroppsr\u00f6relser, inklusive muskelaktivitet och biomekanik, f\u00f6r att f\u00f6rst\u00e5 och f\u00f6rb\u00e4ttra h\u00e4lsa, prestanda och v\u00e4lbefinnande.<br><a href=\"https:\/\/fungeramera.nu\/services\/\"><\/a><\/p><\/div><\/div>\n<\/div>\n<\/div>\n\n\n\n<div class=\"wp-block-uagb-container uagb-block-8c4baa9a\">\n<div class=\"wp-block-uagb-container uagb-block-8ba430ee\">\n<div class=\"wp-block-uagb-image alignleft uagb-block-6e3ea053 wp-block-uagb-image--layout-default wp-block-uagb-image--effect-static wp-block-uagb-image--align-left\"><figure class=\"wp-block-uagb-image__figure\"><img decoding=\"async\" srcset=\"https:\/\/fungeramera.nu\/wp-content\/uploads\/2024\/03\/pexels-cottonbro-studio-4753996-684x1024.jpg ,https:\/\/fungeramera.nu\/wp-content\/uploads\/2024\/03\/pexels-cottonbro-studio-4753996-scaled.jpg 780w, https:\/\/fungeramera.nu\/wp-content\/uploads\/2024\/03\/pexels-cottonbro-studio-4753996-scaled.jpg 360w\" sizes=\"(max-width: 480px) 150px\" src=\"https:\/\/fungeramera.nu\/wp-content\/uploads\/2024\/03\/pexels-cottonbro-studio-4753996-684x1024.jpg\" alt=\"\" class=\"uag-image-26007\" width=\"600\" height=\"350\" title=\"pexels-cottonbro-studio-4753996\" loading=\"lazy\" role=\"img\"\/><\/figure><\/div>\n\n\n\n<div class=\"wp-block-uagb-info-box uagb-block-3d6ea523 uagb-infobox__content-wrap  uagb-infobox-icon-above-title uagb-infobox-image-valign-top\"><div class=\"uagb-ifb-content\"><div class=\"uagb-ifb-title-wrap\"><h3 class=\"uagb-ifb-title\">GRUPPTR\u00c4NING<\/h3><\/div><p class=\"uagb-ifb-desc\">Grupptr\u00e4ning \u00e4r en tr\u00e4ningsform d\u00e4r flera individer deltar i en organiserad tr\u00e4ningsklass eller session ledd av en instrukt\u00f6r, vanligtvis med fokus p\u00e5 olika former av tr\u00e4ning s\u00e5som kondition, styrka, eller flexibilitet.<br><a href=\"https:\/\/fungeramera.nu\/services\/\"><\/a><\/p><\/div><\/div>\n<\/div>\n\n\n\n<div class=\"wp-block-uagb-container uagb-block-52756132\">\n<div class=\"wp-block-uagb-image alignleft uagb-block-60c4bcfe wp-block-uagb-image--layout-default wp-block-uagb-image--effect-static wp-block-uagb-image--align-left\"><figure class=\"wp-block-uagb-image__figure\"><img decoding=\"async\" srcset=\"https:\/\/fungeramera.nu\/wp-content\/uploads\/2024\/03\/pexels-dana-tentis-1213710-1024x683.jpg ,https:\/\/fungeramera.nu\/wp-content\/uploads\/2024\/03\/pexels-dana-tentis-1213710-scaled.jpg 780w, https:\/\/fungeramera.nu\/wp-content\/uploads\/2024\/03\/pexels-dana-tentis-1213710-scaled.jpg 360w\" sizes=\"(max-width: 480px) 150px\" src=\"https:\/\/fungeramera.nu\/wp-content\/uploads\/2024\/03\/pexels-dana-tentis-1213710-1024x683.jpg\" alt=\"\" class=\"uag-image-25984\" width=\"600\" height=\"350\" title=\"pexels-dana-tentis-1213710\" loading=\"lazy\" role=\"img\"\/><\/figure><\/div>\n\n\n\n<div class=\"wp-block-uagb-info-box uagb-block-479e292e uagb-infobox__content-wrap  uagb-infobox-icon-above-title uagb-infobox-image-valign-top\"><div class=\"uagb-ifb-content\"><div class=\"uagb-ifb-title-wrap\"><h3 class=\"uagb-ifb-title\">kostr\u00e5dgivning<\/h3><\/div><p class=\"uagb-ifb-desc\">Kostr\u00e5dgivning inneb\u00e4r att ge individanpassade r\u00e5d och v\u00e4gledning kring kost och n\u00e4ring f\u00f6r att fr\u00e4mja h\u00e4lsa, uppn\u00e5 m\u00e5l som viktminskning eller f\u00f6rb\u00e4ttrad idrottsprestation, samt f\u00f6rebygga eller hantera olika h\u00e4lsoproblem.<\/p><\/div><\/div>\n<\/div>\n<\/div>\n<\/div><\/div>\n\n\n\n<div class=\"wp-block-uagb-container uagb-block-1fc9ebe2 alignfull uagb-is-root-container\"><div class=\"uagb-container-inner-blocks-wrap\">\n<div class=\"wp-block-uagb-info-box uagb-block-925f9c72 uagb-infobox__content-wrap  uagb-infobox-icon-above-title uagb-infobox-image-valign-top\"><div class=\"uagb-ifb-content\"><div class=\"uagb-ifb-title-wrap\"><h2 class=\"uagb-ifb-title\">starta er resa mot <strong>ett liv i balans<\/strong> idag<\/h2><\/div><div class=\"uagb-ifb-button-wrapper wp-block-button\"><a href=\"https:\/\/www.fungeramera.nu\/?page_id=25958\" class=\"uagb-infobox-cta-link wp-block-button__link\" target=\"_self\" rel=\"noopener noreferrer\" onclick=\"return true;\" alt=\"\"><span class=\"uagb-inline-editing\">kontakta oss<\/span><\/a><\/div><\/div><\/div>\n<\/div><\/div>\n","protected":false},"excerpt":{"rendered":"<p>v\u00e5ra tj\u00e4nster F\u00f6r att fr\u00e4mja ett liv i balans.<\/p>\n","protected":false},"author":6,"featured_media":0,"parent":0,"menu_order":0,"comment_status":"closed","ping_status":"closed","template":"","meta":{"_uag_custom_page_level_css":"","site-sidebar-layout":"default","site-content-layout":"","ast-site-content-layout":"","site-content-style":"default","site-sidebar-style":"default","ast-global-header-display":"","ast-banner-title-visibility":"","ast-main-header-display":"","ast-hfb-above-header-display":"","ast-hfb-below-header-display":"","ast-hfb-mobile-header-display":"","site-post-title":"disabled","ast-breadcrumbs-content":"","ast-featured-img":"","footer-sml-layout":"","theme-transparent-header-meta":"","adv-header-id-meta":"","stick-header-meta":"","header-above-stick-meta":"","header-main-stick-meta":"","header-below-stick-meta":"","astra-migrate-meta-layouts":"default","ast-page-background-enabled":"default","ast-page-background-meta":{"desktop":{"background-color":"var(--ast-global-color-4)","background-image":"","background-repeat":"repeat","background-position":"center center","background-size":"auto","background-attachment":"scroll","background-type":"","background-media":"","overlay-type":"","overlay-color":"","overlay-gradient":""},"tablet":{"background-color":"","background-image":"","background-repeat":"repeat","background-position":"center center","background-size":"auto","background-attachment":"scroll","background-type":"","background-media":"","overlay-type":"","overlay-color":"","overlay-gradient":""},"mobile":{"background-color":"","background-image":"","background-repeat":"repeat","background-position":"center center","background-size":"auto","background-attachment":"scroll","background-type":"","background-media":"","overlay-type":"","overlay-color":"","overlay-gradient":""}},"ast-content-background-meta":{"desktop":{"background-color":"var(--ast-global-color-5)","background-image":"","background-repeat":"repeat","background-position":"center center","background-size":"auto","background-attachment":"scroll","background-type":"","background-media":"","overlay-type":"","overlay-color":"","overlay-gradient":""},"tablet":{"background-color":"var(--ast-global-color-5)","background-image":"","background-repeat":"repeat","background-position":"center center","background-size":"auto","background-attachment":"scroll","background-type":"","background-media":"","overlay-type":"","overlay-color":"","overlay-gradient":""},"mobile":{"background-color":"var(--ast-global-color-5)","background-image":"","background-repeat":"repeat","background-position":"center center","background-size":"auto","background-attachment":"scroll","background-type":"","background-media":"","overlay-type":"","overlay-color":"","overlay-gradient":""}},"footnotes":""},"uagb_featured_image_src":{"full":false,"thumbnail":false,"medium":false,"medium_large":false,"large":false,"1536x1536":false,"2048x2048":false},"uagb_author_info":{"display_name":"Erik Gunnerhed","author_link":"https:\/\/www.fungeramera.nu\/?author=6"},"uagb_comment_info":0,"uagb_excerpt":"v\u00e5ra tj\u00e4nster F\u00f6r att fr\u00e4mja ett liv i balans.","_links":{"self":[{"href":"https:\/\/www.fungeramera.nu\/index.php?rest_route=\/wp\/v2\/pages\/25957"}],"collection":[{"href":"https:\/\/www.fungeramera.nu\/index.php?rest_route=\/wp\/v2\/pages"}],"about":[{"href":"https:\/\/www.fungeramera.nu\/index.php?rest_route=\/wp\/v2\/types\/page"}],"author":[{"embeddable":true,"href":"https:\/\/www.fungeramera.nu\/index.php?rest_route=\/wp\/v2\/users\/6"}],"replies":[{"embeddable":true,"href":"https:\/\/www.fungeramera.nu\/index.php?rest_route=%2Fwp%2Fv2%2Fcomments&post=25957"}],"version-history":[{"count":8,"href":"https:\/\/www.fungeramera.nu\/index.php?rest_route=\/wp\/v2\/pages\/25957\/revisions"}],"predecessor-version":[{"id":26068,"href":"https:\/\/www.fungeramera.nu\/index.php?rest_route=\/wp\/v2\/pages\/25957\/revisions\/26068"}],"wp:attachment":[{"href":"https:\/\/www.fungeramera.nu\/index.php?rest_route=%2Fwp%2Fv2%2Fmedia&parent=25957"}],"curies":[{"name":"wp","href":"https:\/\/api.w.org\/{rel}","templated":true}]}}