{"id":23,"date":"2023-09-07T07:09:37","date_gmt":"2023-09-07T07:09:37","guid":{"rendered":"https:\/\/fungeramera.nu\/home\/"},"modified":"2024-03-21T21:57:59","modified_gmt":"2024-03-21T20:57:59","slug":"home","status":"publish","type":"page","link":"https:\/\/www.fungeramera.nu\/","title":{"rendered":"Hem"},"content":{"rendered":"\n<div class=\"wp-block-uagb-container uagb-block-38ea0276 alignfull uagb-is-root-container\"><div class=\"uagb-container-inner-blocks-wrap\">\n<div class=\"wp-block-uagb-info-box uagb-block-089322a6 uagb-infobox__content-wrap  uagb-infobox-icon-above-title uagb-infobox-image-valign-top\"><div class=\"uagb-ifb-content\"><div class=\"uagb-ifb-title-wrap\"><h1 class=\"uagb-ifb-title\">Ett liv i balans!<\/h1><\/div><p class=\"uagb-ifb-desc\">Vi drivs av att inspirera och coacha m\u00e4nniskor till att hitta sin egen balans.<\/p><div class=\"uagb-ifb-button-wrapper wp-block-button\"><a href=\"https:\/\/www.fungeramera.nu\/?page_id=25958\" class=\"uagb-infobox-cta-link wp-block-button__link\" target=\"_self\" rel=\"noopener noreferrer\" onclick=\"return true;\" alt=\"\"><span class=\"uagb-inline-editing\">Kontakta oss<\/span><\/a><\/div><\/div><\/div>\n<\/div><\/div>\n\n\n\n<div class=\"wp-block-uagb-container uagb-block-e25063bb alignfull uagb-is-root-container\"><div class=\"uagb-container-inner-blocks-wrap\">\n<div class=\"wp-block-uagb-container uagb-block-2b2225ce\">\n<div class=\"wp-block-uagb-info-box uagb-block-bbffce70 uagb-infobox__content-wrap  uagb-infobox-icon-above-title uagb-infobox-image-valign-top\"><div class=\"uagb-ifb-content\"><div class=\"uagb-ifb-title-wrap\"><h2 class=\"uagb-ifb-title\">Fungera Mera<\/h2><\/div><p class=\"uagb-ifb-desc\">V\u00e4lkommen till Fungera Mera, sedan 1988 har vi erbjudit professionella tj\u00e4nster inom massage, kinesiologi, tr\u00e4ning och kostr\u00e5dgivning. <\/p><\/div><\/div>\n\n\n\n<div class=\"wp-block-uagb-buttons uagb-buttons__outer-wrap uagb-btn__default-btn uagb-btn-tablet__default-btn uagb-btn-mobile__default-btn uagb-block-e3983eec\"><div class=\"uagb-buttons__wrap uagb-buttons-layout-wrap\">\n<div class=\"wp-block-uagb-buttons-child uagb-buttons__outer-wrap uagb-block-1e6612b8 wp-block-button\"><div class=\"uagb-button__wrapper\"><a class=\"uagb-buttons-repeater wp-block-button__link\" aria-label=\"\" href=\"https:\/\/www.fungeramera.nu\/?page_id=26\" rel=\"follow noopener\" target=\"_self\"><div class=\"uagb-button__link\">L\u00e4s mer<\/div><\/a><\/div><\/div>\n<\/div><\/div>\n<\/div>\n\n\n\n<div class=\"wp-block-uagb-container uagb-block-ed8202e9\">\n<div class=\"wp-block-uagb-image alignleft uagb-block-6a83f5e8 wp-block-uagb-image--layout-default wp-block-uagb-image--effect-static wp-block-uagb-image--align-left\"><figure class=\"wp-block-uagb-image__figure\"><img decoding=\"async\" srcset=\"https:\/\/fungeramera.nu\/wp-content\/uploads\/2023\/10\/hander.jpg ,https:\/\/fungeramera.nu\/wp-content\/uploads\/2023\/10\/hander.jpg 780w, https:\/\/fungeramera.nu\/wp-content\/uploads\/2023\/10\/hander.jpg 360w\" sizes=\"(max-width: 480px) 150px\" src=\"https:\/\/fungeramera.nu\/wp-content\/uploads\/2023\/10\/hander.jpg\" alt=\"massage\" class=\"uag-image-25638\" width=\"560\" height=\"480\" title=\"29081BSLRGB1-300x197\" loading=\"lazy\" role=\"img\"\/><\/figure><\/div>\n<\/div>\n<\/div><\/div>\n\n\n\n<div class=\"wp-block-uagb-container uagb-block-ed67dc62 alignfull uagb-is-root-container\"><div class=\"uagb-container-inner-blocks-wrap\">\n<div class=\"wp-block-uagb-advanced-heading uagb-block-f92e4313\"><h2 class=\"uagb-heading-text\">v\u00e5ra tj\u00e4nster<\/h2><\/div>\n\n\n\n<div class=\"wp-block-uagb-container uagb-block-01c648b1\">\n<div class=\"wp-block-uagb-container uagb-block-8a2c7a18\">\n<div class=\"wp-block-uagb-image alignleft uagb-block-e7ed7566 wp-block-uagb-image--layout-default wp-block-uagb-image--effect-static wp-block-uagb-image--align-left\"><figure class=\"wp-block-uagb-image__figure\"><img decoding=\"async\" srcset=\"https:\/\/fungeramera.nu\/wp-content\/uploads\/2024\/03\/pexels-photo-5240637.jpeg ,https:\/\/fungeramera.nu\/wp-content\/uploads\/2024\/03\/pexels-photo-5240637.jpeg 780w, https:\/\/fungeramera.nu\/wp-content\/uploads\/2024\/03\/pexels-photo-5240637.jpeg 360w\" sizes=\"(max-width: 480px) 150px\" src=\"https:\/\/fungeramera.nu\/wp-content\/uploads\/2024\/03\/pexels-photo-5240637.jpeg\" alt=\"Crop masseuse massaging back of client with hot stones\" class=\"uag-image-25952\" width=\"400\" height=\"241\" title=\"pexels-photo-5240637\" loading=\"lazy\" role=\"img\"\/><\/figure><\/div>\n\n\n\n<div class=\"wp-block-uagb-info-box uagb-block-774ff371 uagb-infobox__content-wrap  uagb-infobox-icon-above-title uagb-infobox-image-valign-top\"><div class=\"uagb-ifb-content\"><div class=\"uagb-ifb-title-wrap\"><h3 class=\"uagb-ifb-title\">klassisk Massage<\/h3><\/div><p class=\"uagb-ifb-desc\">Klassisk massage \u00e4r en manuell terapeutisk teknik som anv\u00e4nds f\u00f6r att fr\u00e4mja avslappning, lindra muskelsp\u00e4nningar och f\u00f6rb\u00e4ttra cirkulationen genom att manipulera kroppens mjuka v\u00e4vnader.<\/p><div class=\"uagb-ifb-button-wrapper wp-block-button\"><a href=\"https:\/\/www.fungeramera.nu\/?page_id=25957\" class=\"uagb-infobox-cta-link wp-block-button__link\" target=\"_self\" rel=\"noopener noreferrer\" onclick=\"return true;\" alt=\"\"><span class=\"uagb-inline-editing\">l\u00e4s mer<\/span><svg xmlns=\"https:\/\/www.w3.org\/2000\/svg\" viewBox=\"0 0 448 512\"><path d=\"M438.6 278.6l-160 160C272.4 444.9 264.2 448 256 448s-16.38-3.125-22.62-9.375c-12.5-12.5-12.5-32.75 0-45.25L338.8 288H32C14.33 288 .0016 273.7 .0016 256S14.33 224 32 224h306.8l-105.4-105.4c-12.5-12.5-12.5-32.75 0-45.25s32.75-12.5 45.25 0l160 160C451.1 245.9 451.1 266.1 438.6 278.6z\"><\/path><\/svg><\/a><\/div><\/div><\/div>\n<\/div>\n\n\n\n<div class=\"wp-block-uagb-container uagb-block-7c931235\">\n<div class=\"wp-block-uagb-image alignleft uagb-block-7e7796b0 wp-block-uagb-image--layout-default wp-block-uagb-image--effect-static wp-block-uagb-image--align-left\"><figure class=\"wp-block-uagb-image__figure\"><img decoding=\"async\" srcset=\"https:\/\/fungeramera.nu\/wp-content\/uploads\/2024\/03\/pexels-natalia-vol-17301328-768x1024.jpg ,https:\/\/fungeramera.nu\/wp-content\/uploads\/2024\/03\/pexels-natalia-vol-17301328-scaled.jpg 780w, https:\/\/fungeramera.nu\/wp-content\/uploads\/2024\/03\/pexels-natalia-vol-17301328-scaled.jpg 360w\" sizes=\"(max-width: 480px) 150px\" src=\"https:\/\/fungeramera.nu\/wp-content\/uploads\/2024\/03\/pexels-natalia-vol-17301328-768x1024.jpg\" alt=\"\" class=\"uag-image-25980\" width=\"400\" height=\"241\" title=\"pexels-natalia-vol-17301328\" loading=\"lazy\" role=\"img\"\/><\/figure><\/div>\n\n\n\n<div class=\"wp-block-uagb-info-box uagb-block-6686281c uagb-infobox__content-wrap  uagb-infobox-icon-above-title uagb-infobox-image-valign-top\"><div class=\"uagb-ifb-content\"><div class=\"uagb-ifb-title-wrap\"><h3 class=\"uagb-ifb-title\">kinesiologi<\/h3><\/div><p class=\"uagb-ifb-desc\">Kinesiologi \u00e4r studiet av r\u00f6relse och kroppsr\u00f6relser, inklusive muskelaktivitet och biomekanik, f\u00f6r att f\u00f6rst\u00e5 och f\u00f6rb\u00e4ttra h\u00e4lsa, prestanda och v\u00e4lbefinnande.<\/p><div class=\"uagb-ifb-button-wrapper wp-block-button\"><a href=\"https:\/\/www.fungeramera.nu\/?page_id=25957\" class=\"uagb-infobox-cta-link wp-block-button__link\" target=\"_self\" rel=\"noopener noreferrer\" onclick=\"return true;\" alt=\"\"><span class=\"uagb-inline-editing\">l\u00e4s mer<\/span><svg xmlns=\"https:\/\/www.w3.org\/2000\/svg\" viewBox=\"0 0 448 512\"><path d=\"M438.6 278.6l-160 160C272.4 444.9 264.2 448 256 448s-16.38-3.125-22.62-9.375c-12.5-12.5-12.5-32.75 0-45.25L338.8 288H32C14.33 288 .0016 273.7 .0016 256S14.33 224 32 224h306.8l-105.4-105.4c-12.5-12.5-12.5-32.75 0-45.25s32.75-12.5 45.25 0l160 160C451.1 245.9 451.1 266.1 438.6 278.6z\"><\/path><\/svg><\/a><\/div><\/div><\/div>\n<\/div>\n\n\n\n<div class=\"wp-block-uagb-container uagb-block-7677f05b\">\n<div class=\"wp-block-uagb-image alignleft uagb-block-f07b1160 wp-block-uagb-image--layout-default wp-block-uagb-image--effect-static wp-block-uagb-image--align-left\"><figure class=\"wp-block-uagb-image__figure\"><img decoding=\"async\" srcset=\"https:\/\/fungeramera.nu\/wp-content\/uploads\/2023\/12\/training-from-canvas.jpg ,https:\/\/fungeramera.nu\/wp-content\/uploads\/2023\/12\/training-from-canvas.jpg 780w, https:\/\/fungeramera.nu\/wp-content\/uploads\/2023\/12\/training-from-canvas.jpg 360w\" sizes=\"(max-width: 480px) 150px\" src=\"https:\/\/fungeramera.nu\/wp-content\/uploads\/2023\/12\/training-from-canvas.jpg\" alt=\"\" class=\"uag-image-25838\" width=\"400\" height=\"241\" title=\"training-from-canvas\" loading=\"lazy\" role=\"img\"\/><\/figure><\/div>\n\n\n\n<div class=\"wp-block-uagb-info-box uagb-block-cc875ddf uagb-infobox__content-wrap  uagb-infobox-icon-above-title uagb-infobox-image-valign-top\"><div class=\"uagb-ifb-content\"><div class=\"uagb-ifb-title-wrap\"><h3 class=\"uagb-ifb-title\">grupptr\u00e4ning<\/h3><\/div><p class=\"uagb-ifb-desc\">Grupptr\u00e4ning \u00e4r en tr\u00e4ningsform d\u00e4r flera individer deltar i en organiserad tr\u00e4ningsklass eller session ledd av en instrukt\u00f6r, vanligtvis med fokus p\u00e5 olika former av tr\u00e4ning s\u00e5som kondition, styrka, eller flexibilitet.<\/p><div class=\"uagb-ifb-button-wrapper wp-block-button\"><a href=\"https:\/\/www.fungeramera.nu\/?page_id=25957\" class=\"uagb-infobox-cta-link wp-block-button__link\" target=\"_self\" rel=\"noopener noreferrer\" onclick=\"return true;\" alt=\"\"><span class=\"uagb-inline-editing\">l\u00e4s mer<\/span><svg xmlns=\"https:\/\/www.w3.org\/2000\/svg\" viewBox=\"0 0 448 512\"><path d=\"M438.6 278.6l-160 160C272.4 444.9 264.2 448 256 448s-16.38-3.125-22.62-9.375c-12.5-12.5-12.5-32.75 0-45.25L338.8 288H32C14.33 288 .0016 273.7 .0016 256S14.33 224 32 224h306.8l-105.4-105.4c-12.5-12.5-12.5-32.75 0-45.25s32.75-12.5 45.25 0l160 160C451.1 245.9 451.1 266.1 438.6 278.6z\"><\/path><\/svg><\/a><\/div><\/div><\/div>\n<\/div>\n<\/div>\n<\/div><\/div>\n\n\n\n<div class=\"wp-block-uagb-container uagb-block-0d5514fb alignfull uagb-is-root-container\"><div class=\"uagb-container-inner-blocks-wrap\">\n<div class=\"wp-block-uagb-advanced-heading uagb-block-f8dbcb64\"><h2 class=\"uagb-heading-text\">du blir vad du \u00e4ter<\/h2><p class=\"uagb-desc-text\">Kosten \u00e4r vital och central n\u00e4r det g\u00e4ller att m\u00e5 bra och prestera p\u00e5 topp.<\/p><\/div>\n\n\n\n<div class=\"wp-block-uagb-container uagb-block-978d94aa\">\n<div class=\"wp-block-uagb-container uagb-block-3800a1e1\">\n<div class=\"wp-block-uagb-image alignleft uagb-block-0bbf7953 wp-block-uagb-image--layout-default wp-block-uagb-image--effect-static wp-block-uagb-image--align-left\"><figure class=\"wp-block-uagb-image__figure\"><img decoding=\"async\" srcset=\"https:\/\/fungeramera.nu\/wp-content\/uploads\/2024\/03\/pexels-pixabay-434295-703x1024.jpg ,https:\/\/fungeramera.nu\/wp-content\/uploads\/2024\/03\/pexels-pixabay-434295-scaled.jpg 780w, https:\/\/fungeramera.nu\/wp-content\/uploads\/2024\/03\/pexels-pixabay-434295-scaled.jpg 360w\" sizes=\"(max-width: 480px) 150px\" src=\"https:\/\/fungeramera.nu\/wp-content\/uploads\/2024\/03\/pexels-pixabay-434295-703x1024.jpg\" alt=\"\" class=\"uag-image-25981\" width=\"600\" height=\"500\" title=\"pexels-pixabay-434295\" loading=\"lazy\" role=\"img\"\/><\/figure><\/div>\n<\/div>\n\n\n\n<div class=\"wp-block-uagb-container uagb-block-fc041379\">\n<div class=\"wp-block-uagb-container uagb-block-9e6401b1\">\n<div class=\"wp-block-uagb-image alignleft uagb-block-1fc4370e wp-block-uagb-image--layout-default wp-block-uagb-image--effect-static wp-block-uagb-image--align-left\"><figure class=\"wp-block-uagb-image__figure\"><img decoding=\"async\" srcset=\"https:\/\/fungeramera.nu\/wp-content\/uploads\/2024\/03\/pexels-steven-lee-20581259-1024x749.jpg ,https:\/\/fungeramera.nu\/wp-content\/uploads\/2024\/03\/pexels-steven-lee-20581259-scaled.jpg 780w, https:\/\/fungeramera.nu\/wp-content\/uploads\/2024\/03\/pexels-steven-lee-20581259-scaled.jpg 360w\" sizes=\"(max-width: 480px) 150px\" src=\"https:\/\/fungeramera.nu\/wp-content\/uploads\/2024\/03\/pexels-steven-lee-20581259-1024x749.jpg\" alt=\"\" class=\"uag-image-25983\" width=\"600\" height=\"240\" title=\"pexels-steven-lee-20581259\" loading=\"lazy\" role=\"img\"\/><\/figure><\/div>\n<\/div>\n\n\n\n<div class=\"wp-block-uagb-container uagb-block-80e72510\">\n<div class=\"wp-block-uagb-image alignleft uagb-block-492180b4 wp-block-uagb-image--layout-default wp-block-uagb-image--effect-static wp-block-uagb-image--align-left\"><figure class=\"wp-block-uagb-image__figure\"><img decoding=\"async\" srcset=\"https:\/\/fungeramera.nu\/wp-content\/uploads\/2024\/03\/pexels-dana-tentis-1213710-1024x683.jpg ,https:\/\/fungeramera.nu\/wp-content\/uploads\/2024\/03\/pexels-dana-tentis-1213710-scaled.jpg 780w, https:\/\/fungeramera.nu\/wp-content\/uploads\/2024\/03\/pexels-dana-tentis-1213710-scaled.jpg 360w\" sizes=\"(max-width: 480px) 150px\" src=\"https:\/\/fungeramera.nu\/wp-content\/uploads\/2024\/03\/pexels-dana-tentis-1213710-1024x683.jpg\" alt=\"\" class=\"uag-image-25984\" width=\"600\" height=\"240\" title=\"pexels-dana-tentis-1213710\" loading=\"lazy\" role=\"img\"\/><\/figure><\/div>\n<\/div>\n<\/div>\n<\/div>\n<\/div><\/div>\n\n\n\n<div class=\"wp-block-uagb-container uagb-block-1fc9ebe2 alignfull uagb-is-root-container\"><div class=\"uagb-container-inner-blocks-wrap\">\n<div class=\"wp-block-uagb-info-box uagb-block-925f9c72 uagb-infobox__content-wrap  uagb-infobox-icon-above-title uagb-infobox-image-valign-top\"><div class=\"uagb-ifb-content\"><div class=\"uagb-ifb-title-wrap\"><h2 class=\"uagb-ifb-title\">starta er resa mot <strong>ett liv i balans<\/strong> idag<\/h2><\/div><div class=\"uagb-ifb-button-wrapper wp-block-button\"><a href=\"https:\/\/www.fungeramera.nu\/?page_id=25958\" class=\"uagb-infobox-cta-link wp-block-button__link\" target=\"_self\" rel=\"noopener noreferrer\" onclick=\"return true;\" alt=\"\"><span class=\"uagb-inline-editing\">kontakta oss<\/span><\/a><\/div><\/div><\/div>\n<\/div><\/div>\n\n\n\n<div class=\"wp-block-uagb-container uagb-block-8472b68a alignfull uagb-is-root-container\"><div class=\"uagb-container-inner-blocks-wrap\">\n<div class=\"wp-block-uagb-container uagb-block-dec6a2fa\">\n<figure class=\"wp-block-image size-full\"><a href=\"https:\/\/www.fungeramera.nu\/wp-content\/uploads\/2016\/01\/kroppsterapturena_logo.jpg\"><img loading=\"lazy\" decoding=\"async\" width=\"450\" height=\"320\" src=\"https:\/\/www.fungeramera.nu\/wp-content\/uploads\/2016\/01\/kroppsterapturena_logo.jpg\" alt=\"\" class=\"wp-image-489\" srcset=\"https:\/\/www.fungeramera.nu\/wp-content\/uploads\/2016\/01\/kroppsterapturena_logo.jpg 450w, https:\/\/www.fungeramera.nu\/wp-content\/uploads\/2016\/01\/kroppsterapturena_logo-300x214.jpg 300w\" sizes=\"(max-width: 450px) 100vw, 450px\" \/><\/a><\/figure>\n<\/div>\n\n\n\n<div class=\"wp-block-uagb-container uagb-block-b2f4e6d0\">\n<figure class=\"wp-block-image size-full\"><a href=\"https:\/\/www.fungeramera.nu\/wp-content\/uploads\/2016\/01\/ceritiferadmassor_logo.jpg\"><img loading=\"lazy\" decoding=\"async\" width=\"450\" height=\"320\" src=\"https:\/\/www.fungeramera.nu\/wp-content\/uploads\/2016\/01\/ceritiferadmassor_logo.jpg\" alt=\"\" class=\"wp-image-488\" srcset=\"https:\/\/www.fungeramera.nu\/wp-content\/uploads\/2016\/01\/ceritiferadmassor_logo.jpg 450w, https:\/\/www.fungeramera.nu\/wp-content\/uploads\/2016\/01\/ceritiferadmassor_logo-300x214.jpg 300w\" sizes=\"(max-width: 450px) 100vw, 450px\" \/><\/a><\/figure>\n<\/div>\n<\/div><\/div>\n","protected":false},"excerpt":{"rendered":"<p>v\u00e5ra tj\u00e4nster du blir vad du \u00e4ter Kosten \u00e4r vital och central n\u00e4r det g\u00e4ller att m\u00e5 bra och prestera [&hellip;]<\/p>\n","protected":false},"author":6,"featured_media":0,"parent":0,"menu_order":0,"comment_status":"closed","ping_status":"closed","template":"","meta":{"_uag_custom_page_level_css":"","site-sidebar-layout":"default","site-content-layout":"","ast-site-content-layout":"normal-width-container","site-content-style":"default","site-sidebar-style":"default","ast-global-header-display":"","ast-banner-title-visibility":"","ast-main-header-display":"","ast-hfb-above-header-display":"","ast-hfb-below-header-display":"","ast-hfb-mobile-header-display":"","site-post-title":"disabled","ast-breadcrumbs-content":"","ast-featured-img":"","footer-sml-layout":"","theme-transparent-header-meta":"","adv-header-id-meta":"","stick-header-meta":"","header-above-stick-meta":"","header-main-stick-meta":"","header-below-stick-meta":"","astra-migrate-meta-layouts":"default","ast-page-background-enabled":"default","ast-page-background-meta":{"desktop":{"background-color":"var(--ast-global-color-4)","background-image":"","background-repeat":"repeat","background-position":"center center","background-size":"auto","background-attachment":"scroll","background-type":"","background-media":"","overlay-type":"","overlay-color":"","overlay-gradient":""},"tablet":{"background-color":"","background-image":"","background-repeat":"repeat","background-position":"center center","background-size":"auto","background-attachment":"scroll","background-type":"","background-media":"","overlay-type":"","overlay-color":"","overlay-gradient":""},"mobile":{"background-color":"","background-image":"","background-repeat":"repeat","background-position":"center center","background-size":"auto","background-attachment":"scroll","background-type":"","background-media":"","overlay-type":"","overlay-color":"","overlay-gradient":""}},"ast-content-background-meta":{"desktop":{"background-color":"var(--ast-global-color-5)","background-image":"","background-repeat":"repeat","background-position":"center center","background-size":"auto","background-attachment":"scroll","background-type":"","background-media":"","overlay-type":"","overlay-color":"","overlay-gradient":""},"tablet":{"background-color":"var(--ast-global-color-5)","background-image":"","background-repeat":"repeat","background-position":"center center","background-size":"auto","background-attachment":"scroll","background-type":"","background-media":"","overlay-type":"","overlay-color":"","overlay-gradient":""},"mobile":{"background-color":"var(--ast-global-color-5)","background-image":"","background-repeat":"repeat","background-position":"center center","background-size":"auto","background-attachment":"scroll","background-type":"","background-media":"","overlay-type":"","overlay-color":"","overlay-gradient":""}},"footnotes":""},"uagb_featured_image_src":{"full":false,"thumbnail":false,"medium":false,"medium_large":false,"large":false,"1536x1536":false,"2048x2048":false},"uagb_author_info":{"display_name":"Erik Gunnerhed","author_link":"https:\/\/www.fungeramera.nu\/?author=6"},"uagb_comment_info":0,"uagb_excerpt":"v\u00e5ra tj\u00e4nster du blir vad du \u00e4ter Kosten \u00e4r vital och central n\u00e4r det g\u00e4ller att m\u00e5 bra och prestera [&hellip;]","_links":{"self":[{"href":"https:\/\/www.fungeramera.nu\/index.php?rest_route=\/wp\/v2\/pages\/23"}],"collection":[{"href":"https:\/\/www.fungeramera.nu\/index.php?rest_route=\/wp\/v2\/pages"}],"about":[{"href":"https:\/\/www.fungeramera.nu\/index.php?rest_route=\/wp\/v2\/types\/page"}],"author":[{"embeddable":true,"href":"https:\/\/www.fungeramera.nu\/index.php?rest_route=\/wp\/v2\/users\/6"}],"replies":[{"embeddable":true,"href":"https:\/\/www.fungeramera.nu\/index.php?rest_route=%2Fwp%2Fv2%2Fcomments&post=23"}],"version-history":[{"count":10,"href":"https:\/\/www.fungeramera.nu\/index.php?rest_route=\/wp\/v2\/pages\/23\/revisions"}],"predecessor-version":[{"id":26078,"href":"https:\/\/www.fungeramera.nu\/index.php?rest_route=\/wp\/v2\/pages\/23\/revisions\/26078"}],"wp:attachment":[{"href":"https:\/\/www.fungeramera.nu\/index.php?rest_route=%2Fwp%2Fv2%2Fmedia&parent=23"}],"curies":[{"name":"wp","href":"https:\/\/api.w.org\/{rel}","templated":true}]}}